{"id":1368,"date":"2020-09-21T17:14:06","date_gmt":"2020-09-21T15:14:06","guid":{"rendered":"https:\/\/shop.kaerjeng.lgs.lu\/?page_id=15"},"modified":"2025-11-04T22:15:44","modified_gmt":"2025-11-04T21:15:44","slug":"weenchen","status":"publish","type":"page","link":"https:\/\/shop.deifferdeng.lgs.lu\/home\/weenchen\/","title":{"rendered":"Weenchen"},"content":{"rendered":"<p>[et_pb_section fb_built=&#8221;1&#8243; _builder_version=&#8221;4.16&#8243; _module_preset=&#8221;default&#8221; custom_padding=&#8221;0px|||||&#8221; global_colors_info=&#8221;{}&#8221;][et_pb_row disabled_on=&#8221;off|off|off&#8221; _builder_version=&#8221;4.27.4&#8243; _module_preset=&#8221;default&#8221; locked=&#8221;off&#8221; global_colors_info=&#8221;{}&#8221;][et_pb_column type=&#8221;4_4&#8243; _builder_version=&#8221;4.18.0&#8243; _module_preset=&#8221;default&#8221; background_enable_image=&#8221;off&#8221; background_size=&#8221;contain&#8221; global_colors_info=&#8221;{}&#8221;][et_pb_text _builder_version=&#8221;4.18.0&#8243; _module_preset=&#8221;default&#8221; header_font=&#8221;Autour One|700||on|||||&#8221; header_text_align=&#8221;center&#8221; header_font_size=&#8221;29px&#8221; custom_margin=&#8221;||-1px|||&#8221; header_font_tablet=&#8221;Autour One|700||on|||||&#8221; header_font_phone=&#8221;Autour One|700||on|||||&#8221; header_font_last_edited=&#8221;on|phone&#8221; global_colors_info=&#8221;{}&#8221;]<\/p>\n<h1>Liwwer- an Ofhuelm\u00e9iglechkeeten<\/h1>\n<p>[\/et_pb_text][et_pb_text _builder_version=&#8221;4.16&#8243; _module_preset=&#8221;default&#8221; text_font=&#8221;|||||on|||&#8221; text_font_size=&#8221;17px&#8221; text_line_height=&#8221;1em&#8221; text_orientation=&#8221;center&#8221; custom_padding=&#8221;0px||||false|false&#8221; global_colors_info=&#8221;{}&#8221;]<\/p>\n<p style=\"text-align: center\">L\u00ebtzebuerger Guiden a Scouten D\u00e9ifferdeng &#8211; Ste Barbe<\/p>\n<p>[\/et_pb_text][\/et_pb_column][\/et_pb_row][et_pb_row _builder_version=&#8221;4.16&#8243; _module_preset=&#8221;default&#8221; custom_padding=&#8221;6px|||||&#8221; global_colors_info=&#8221;{}&#8221;][et_pb_column type=&#8221;4_4&#8243; _builder_version=&#8221;4.16&#8243; _module_preset=&#8221;default&#8221; global_colors_info=&#8221;{}&#8221;][et_pb_text disabled_on=&#8221;on|on|on&#8221; _builder_version=&#8221;4.18.0&#8243; _module_preset=&#8221;default&#8221; disabled=&#8221;on&#8221; global_colors_info=&#8221;{}&#8221;]<\/p>\n<h4>All Bestellungen sinn ab elo am <strong>Chalet Hondsb\u00ebsch<\/strong> zu Nidderkuer ofzehuelen. Nodeems \u00c4r Bestellung bei eis agaangen ass, kontakt\u00e9ieren mir Iech per E-Mail fir en Datum an eng Auerz\u00e4it auszemaachen.<\/h4>\n<h4><\/h4>\n<h4>Chalet Hondsb\u00ebsch: 175, av. de la Libert\u00e9 L-4602 Niederkorn<\/h4>\n<p>[\/et_pb_text][\/et_pb_column][\/et_pb_row][et_pb_row column_structure=&#8221;1_2,1_2&#8243; disabled_on=&#8221;off|off|off&#8221; _builder_version=&#8221;4.27.4&#8243; _module_preset=&#8221;default&#8221; custom_padding=&#8221;1px||3px|||&#8221; locked=&#8221;off&#8221; global_colors_info=&#8221;{}&#8221;][et_pb_column type=&#8221;1_2&#8243; _builder_version=&#8221;4.16&#8243; _module_preset=&#8221;default&#8221; global_colors_info=&#8221;{}&#8221;][et_pb_text _builder_version=&#8221;4.27.4&#8243; _module_preset=&#8221;default&#8221; header_3_font=&#8221;Autour One||||||||&#8221; hover_enabled=&#8221;0&#8243; global_colors_info=&#8221;{}&#8221; sticky_enabled=&#8221;0&#8243;]<\/p>\n<h3>Chalet Hondsb\u00ebsch<\/h3>\n<p><span style=\"font-size: 14px; color: #666666;\">Dir k\u00ebnnt \u00c4r Bestellung den 27. November an 28. November t\u00ebschent 16h30 an 19h00, oder den 29. November t\u00ebschent 9h00 an 12h00 oder 15h00 an 17h00 am Chalet Hondsb\u00ebsch zu Nidderkuer ofhuelen.<\/span><\/p>\n<p>Adresse: 175, avenue de la Libert\u00e9 L-4602 Niederkorn<\/p>\n<p>[\/et_pb_text][et_pb_text disabled_on=&#8221;on|on|on&#8221; _builder_version=&#8221;4.22.2&#8243; _module_preset=&#8221;default&#8221; header_3_font=&#8221;Autour One||||||||&#8221; disabled=&#8221;on&#8221; global_colors_info=&#8221;{}&#8221;]<\/p>\n<h3>Kierch Fuussbann<\/h3>\n<p><span style=\"color: #ff0000\">Samschdes, den 26. November k\u00ebnnt dir \u00c4r Bestellung no der Familljemass (ongef\u00e9ier g\u00e9int 19h15) an der Fuussbanner Kierch ofhuelen.<\/span><\/p>\n<p>[\/et_pb_text][et_pb_text disabled_on=&#8221;off|off|off&#8221; _builder_version=&#8221;4.27.4&#8243; _module_preset=&#8221;default&#8221; header_3_font=&#8221;Autour One||||||||&#8221; global_colors_info=&#8221;{}&#8221;]<\/p>\n<h3>Kierch Uewerkuer<\/h3>\n<p>Sonndes, den 30. November k\u00ebnnt dir \u00c4r Bestellung no der Mass (ongef\u00e9ier g\u00e9int 11h45) an der Uewerkuerer Kierch ofhuelen.<br \/>Sonndes, den 7. Dezember verkaafe mir Dekoratiounen no der Mass.\u00a0<\/p>\n<p>[\/et_pb_text][\/et_pb_column][et_pb_column type=&#8221;1_2&#8243; _builder_version=&#8221;4.16&#8243; _module_preset=&#8221;default&#8221; global_colors_info=&#8221;{}&#8221;][et_pb_text disabled_on=&#8221;off|off|off&#8221; _builder_version=&#8221;4.27.4&#8243; _module_preset=&#8221;default&#8221; header_3_font=&#8221;Autour One||||||||&#8221; global_colors_info=&#8221;{}&#8221;]<\/p>\n<h3>Heemliwwerung<\/h3>\n<p>Eis CaraPio liwweren \u00c4r Bestellung bis Heem (S\u00fcde vu L\u00ebtzebuerg, \u00cbmkrees D\u00e9ifferdeng). Sie liwwere Samschdes, den 29. November t\u00ebschent 9h00 an 12h00 g\u00e9int en Oppr\u00e4is vun 5\u20ac.<\/p>\n<p>[\/et_pb_text][et_pb_text disabled_on=&#8221;off|off|off&#8221; _builder_version=&#8221;4.27.4&#8243; _module_preset=&#8221;default&#8221; header_3_font=&#8221;Autour One||||||||&#8221; custom_margin=&#8221;||50px|||&#8221; global_colors_info=&#8221;{}&#8221;]<\/p>\n<h3>Adventsmaart zu Lasauvage<\/h3>\n<p><span style=\"font-size: 14px; color: #666666;\">Vum 28. &#8211; 30. November k\u00ebnnt dir \u00c4r Commande bei eisem Stand um Lasauvager Adventsmaart ofhuelen.\u00a0<\/span><\/p>\n<p>[\/et_pb_text][et_pb_text disabled_on=&#8221;off|off|off&#8221; _builder_version=&#8221;4.18.0&#8243; _module_preset=&#8221;default&#8221; header_3_font=&#8221;Autour One||||||||&#8221; global_colors_info=&#8221;{}&#8221;]<\/p>\n<h3>Fieldgen &#8211; Gemeng D\u00e9ifferdeng<\/h3>\n<p>D\u00ebss Offer g\u00ebllt n\u00ebmmen fir Leit, d\u00e9i op den jeeweilegen Plazen schaffen.<\/p>\n<p>[\/et_pb_text][\/et_pb_column][\/et_pb_row][et_pb_row disabled_on=&#8221;off|off|off&#8221; _builder_version=&#8221;4.27.4&#8243; _module_preset=&#8221;default&#8221; global_colors_info=&#8221;{}&#8221;][et_pb_column type=&#8221;4_4&#8243; _builder_version=&#8221;4.16&#8243; _module_preset=&#8221;default&#8221; global_colors_info=&#8221;{}&#8221;][et_pb_text disabled_on=&#8221;off|off|off&#8221; _builder_version=&#8221;4.27.4&#8243; _module_preset=&#8221;default&#8221; custom_margin=&#8221;-12px|||||&#8221; custom_padding=&#8221;12px|||||&#8221; global_colors_info=&#8221;{}&#8221;]<\/p>\n<h4 style=\"text-align: center;\"><strong>WICHTEG<\/strong>:<\/h4>\n<p style=\"text-align: center;\"><strong>Wann dir \u00c4r Bestellung net selwer siche kommt, dann denkt drun d\u00ebst beim ausf\u00ebllen vun den Informatiounen am dofir best\u00ebmmten Feld unzeginn.<\/strong><\/p>\n<p>[\/et_pb_text][\/et_pb_column][\/et_pb_row][et_pb_row _builder_version=&#8221;4.16&#8243; _module_preset=&#8221;default&#8221; custom_padding=&#8221;5px|||||&#8221; global_colors_info=&#8221;{}&#8221;][et_pb_column type=&#8221;4_4&#8243; _builder_version=&#8221;4.16&#8243; _module_preset=&#8221;default&#8221; global_colors_info=&#8221;{}&#8221;][et_pb_text _builder_version=&#8221;4.16&#8243; _module_preset=&#8221;default&#8221; global_colors_info=&#8221;{}&#8221;][\/et_pb_text][\/et_pb_column][\/et_pb_row][\/et_pb_section]<\/p>\n","protected":false},"excerpt":{"rendered":"<p>Liwwer- an Ofhuelm\u00e9iglechkeetenL\u00ebtzebuerger Guiden a Scouten D\u00e9ifferdeng &#8211; Ste BarbeAll Bestellungen sinn ab elo am Chalet Hondsb\u00ebsch zu Nidderkuer ofzehuelen. Nodeems \u00c4r Bestellung bei eis agaangen ass, kontakt\u00e9ieren mir Iech per E-Mail fir en Datum an eng Auerz\u00e4it auszemaachen. Chalet Hondsb\u00ebsch: 175, av. de la Libert\u00e9 L-4602 NiederkornChalet Hondsb\u00ebsch Dir k\u00ebnnt \u00c4r Bestellung den 27. [&hellip;]<\/p>\n","protected":false},"author":9,"featured_media":0,"parent":0,"menu_order":0,"comment_status":"closed","ping_status":"closed","template":"","meta":{"_et_pb_use_builder":"on","_et_pb_old_content":"<!-- wp:divi\/placeholder \/-->","_et_gb_content_width":"","footnotes":""},"class_list":["post-1368","page","type-page","status-publish","hentry"],"_links":{"self":[{"href":"https:\/\/shop.deifferdeng.lgs.lu\/home\/wp-json\/wp\/v2\/pages\/1368","targetHints":{"allow":["GET"]}}],"collection":[{"href":"https:\/\/shop.deifferdeng.lgs.lu\/home\/wp-json\/wp\/v2\/pages"}],"about":[{"href":"https:\/\/shop.deifferdeng.lgs.lu\/home\/wp-json\/wp\/v2\/types\/page"}],"author":[{"embeddable":true,"href":"https:\/\/shop.deifferdeng.lgs.lu\/home\/wp-json\/wp\/v2\/users\/9"}],"replies":[{"embeddable":true,"href":"https:\/\/shop.deifferdeng.lgs.lu\/home\/wp-json\/wp\/v2\/comments?post=1368"}],"version-history":[{"count":39,"href":"https:\/\/shop.deifferdeng.lgs.lu\/home\/wp-json\/wp\/v2\/pages\/1368\/revisions"}],"predecessor-version":[{"id":8183,"href":"https:\/\/shop.deifferdeng.lgs.lu\/home\/wp-json\/wp\/v2\/pages\/1368\/revisions\/8183"}],"wp:attachment":[{"href":"https:\/\/shop.deifferdeng.lgs.lu\/home\/wp-json\/wp\/v2\/media?parent=1368"}],"curies":[{"name":"wp","href":"https:\/\/api.w.org\/{rel}","templated":true}]}}