{"id":3990,"date":"2021-11-04T15:35:52","date_gmt":"2021-11-04T14:35:52","guid":{"rendered":"https:\/\/shop.deifferdeng.lgs.lu\/?page_id=3990"},"modified":"2025-11-27T19:14:54","modified_gmt":"2025-11-27T18:14:54","slug":"shop","status":"publish","type":"page","link":"https:\/\/shop.deifferdeng.lgs.lu\/home\/shop\/","title":{"rendered":"Shop"},"content":{"rendered":"<p>[et_pb_section fb_built=&#8221;1&#8243; _builder_version=&#8221;4.16&#8243; _module_preset=&#8221;default&#8221; custom_padding=&#8221;0px|||||&#8221; global_colors_info=&#8221;{}&#8221;][et_pb_row _builder_version=&#8221;4.23&#8243; _module_preset=&#8221;default&#8221; global_colors_info=&#8221;{}&#8221; custom_padding=&#8221;||0px|||&#8221;][et_pb_column type=&#8221;4_4&#8243; _builder_version=&#8221;4.18.0&#8243; _module_preset=&#8221;default&#8221; background_enable_image=&#8221;off&#8221; background_size=&#8221;contain&#8221; global_colors_info=&#8221;{}&#8221;][et_pb_text _builder_version=&#8221;4.27.2&#8243; _module_preset=&#8221;default&#8221; header_font=&#8221;Autour One|700||on|||||&#8221; header_text_align=&#8221;center&#8221; header_font_size=&#8221;29px&#8221; custom_margin=&#8221;||-1px|||&#8221; header_font_tablet=&#8221;Autour One|700||on|||||&#8221; header_font_phone=&#8221;Autour One|700||on|||||&#8221; header_font_last_edited=&#8221;on|phone&#8221; global_colors_info=&#8221;{}&#8221;]<\/p>\n<h1>Adventsshop 2025<\/h1>\n<p>[\/et_pb_text][et_pb_text _builder_version=&#8221;4.16&#8243; _module_preset=&#8221;default&#8221; text_font=&#8221;|||||on|||&#8221; text_font_size=&#8221;17px&#8221; text_line_height=&#8221;1em&#8221; text_orientation=&#8221;center&#8221; custom_padding=&#8221;0px||||false|false&#8221; global_colors_info=&#8221;{}&#8221;]<\/p>\n<p style=\"text-align: center;\">L\u00ebtzebuerger Guiden a Scouten D\u00e9ifferdeng &#8211; Ste Barbe<\/p>\n<p>[\/et_pb_text][et_pb_text _builder_version=&#8221;4.27.4&#8243; _module_preset=&#8221;default&#8221; text_font_size=&#8221;16px&#8221; custom_margin=&#8221;15px|20px|15px|20px|false|false&#8221; hover_enabled=&#8221;0&#8243; global_colors_info=&#8221;{}&#8221; disabled_on=&#8221;on|on|on&#8221; disabled=&#8221;on&#8221; sticky_enabled=&#8221;0&#8243;]<\/p>\n<p>Och d\u00ebst Joer hunn mir <strong>elektresch K\u00e4erzen<\/strong> (LED) fir Leit d\u00e9i net g\u00e4r oppe Flam hunn oder fir Altersheemer, Schoulen, &#8230; Wann der scho LED-K\u00e4erzen vum leschte Joer hutt, da bestellt der Iech e Kranz an wielt d&#8217;Optioun &#8220;<strong>ouni K\u00e4erzen<\/strong>&#8220;.<\/p>\n<p>Wann Dir <strong>Probleemer mam Bestellen<\/strong> hutt, dann kontakt\u00e9iert eis per E-Mail oder per Telefon. All eis Kontaktdaten fannt dir \u00ebnnert <strong><a href=\"https:\/\/shop.deifferdeng.lgs.lu\/kontakt\/\" target=\"_blank\" rel=\"noopener\">Kontakt<\/a><\/strong>.<\/p>\n<p>[\/et_pb_text][et_pb_text _builder_version=&#8221;4.22.2&#8243; _module_preset=&#8221;default&#8221; text_font_size=&#8221;16px&#8221; link_font=&#8221;|700|||||||&#8221; link_text_color=&#8221;gcid-d063c978-1b70-4c9a-af75-74fbe1da8192&#8243; custom_margin=&#8221;15px|20px|15px|20px|false|false&#8221; global_colors_info=&#8221;{%22gcid-d063c978-1b70-4c9a-af75-74fbe1da8192%22:%91%22link_text_color%22%93}&#8221;]<\/p>\n<h3 style=\"text-align: center;\"><span class=\"noto\">\ud83d\ude9a<\/span><strong>LIWWER- A OOFHUELM\u00c9IGLECHKEETEN<\/strong>: <a href=\"https:\/\/shop.deifferdeng.lgs.lu\/weenchen\/\">KLICKEN<\/a><\/h3>\n<p>[\/et_pb_text][et_pb_text _builder_version=&#8221;4.27.4&#8243; _module_preset=&#8221;default&#8221; text_font_size=&#8221;16px&#8221; link_font=&#8221;|700|||||||&#8221; link_text_color=&#8221;gcid-d063c978-1b70-4c9a-af75-74fbe1da8192&#8243; custom_margin=&#8221;15px|20px|15px|20px|false|false&#8221; global_colors_info=&#8221;{%22gcid-d063c978-1b70-4c9a-af75-74fbe1da8192%22:%91%22link_text_color%22%93}&#8221;]<\/p>\n<h3 style=\"text-align: center;\">FIR D\u00cbST JOER ASS EISEN ONLINESHOP OFFLINE.<\/h3>\n<h3 style=\"text-align: center;\">G\u00c4REN K\u00cbNNT DIR BEI EIS AM <strong>CHALET HONDSB\u00cbSCH<\/strong> ODER UM <strong>ADVENTSMAART ZU LASAUVAGE<\/strong> LAANSCHT KOMMEN &#8211; MIR HUNN NACH KR\u00c4NZ AN DEKORATIOUNEN OP STOCK.<\/h3>\n<p>[\/et_pb_text][et_pb_text disabled_on=&#8221;on|on|on&#8221; _builder_version=&#8221;4.27.4&#8243; _module_preset=&#8221;default&#8221; text_font_size=&#8221;16px&#8221; link_font=&#8221;|700|||||||&#8221; link_text_color=&#8221;gcid-d063c978-1b70-4c9a-af75-74fbe1da8192&#8243; custom_margin=&#8221;15px|20px|15px|20px|false|false&#8221; disabled=&#8221;on&#8221; global_colors_info=&#8221;{%22gcid-d063c978-1b70-4c9a-af75-74fbe1da8192%22:%91%22link_text_color%22%93}&#8221;]<\/p>\n<h3 style=\"text-align: center;\">BESTELLUNGEN SINN AB DEM <span style=\"color: #ff0000;\"><strong>7<span style=\"color: #ff0000;\">.<\/span> NOVEMBER<\/strong><\/span> M\u00c9IGLECH<\/h3>\n<p>[\/et_pb_text][\/et_pb_column][\/et_pb_row][et_pb_row column_structure=&#8221;1_3,1_3,1_3&#8243; _builder_version=&#8221;4.27.4&#8243; _module_preset=&#8221;default&#8221; global_colors_info=&#8221;{}&#8221;][et_pb_column type=&#8221;1_3&#8243; _builder_version=&#8221;4.27.4&#8243; _module_preset=&#8221;default&#8221; global_colors_info=&#8221;{}&#8221;][et_pb_image src=&#8221;http:\/\/shop.deifferdeng.lgs.lu\/wp-content\/uploads\/sites\/2\/2025\/11\/Advent-2025-04.png&#8221; title_text=&#8221;Advent 2025-04&#8243; _builder_version=&#8221;4.27.4&#8243; _module_preset=&#8221;default&#8221; global_colors_info=&#8221;{}&#8221;][\/et_pb_image][\/et_pb_column][et_pb_column type=&#8221;1_3&#8243; _builder_version=&#8221;4.27.4&#8243; _module_preset=&#8221;default&#8221; global_colors_info=&#8221;{}&#8221;][et_pb_image src=&#8221;http:\/\/shop.deifferdeng.lgs.lu\/wp-content\/uploads\/sites\/2\/2025\/11\/Advent-2025-06.png&#8221; title_text=&#8221;Advent 2025-06&#8243; _builder_version=&#8221;4.27.4&#8243; _module_preset=&#8221;default&#8221; global_colors_info=&#8221;{}&#8221;][\/et_pb_image][\/et_pb_column][et_pb_column type=&#8221;1_3&#8243; _builder_version=&#8221;4.27.4&#8243; _module_preset=&#8221;default&#8221; global_colors_info=&#8221;{}&#8221;][et_pb_image src=&#8221;http:\/\/shop.deifferdeng.lgs.lu\/wp-content\/uploads\/sites\/2\/2025\/11\/Advent-2025-08.png&#8221; title_text=&#8221;Advent 2025-08&#8243; _builder_version=&#8221;4.27.4&#8243; _module_preset=&#8221;default&#8221; global_colors_info=&#8221;{}&#8221;][\/et_pb_image][\/et_pb_column][\/et_pb_row][et_pb_row column_structure=&#8221;1_4,3_4&#8243; disabled_on=&#8221;on|on|on&#8221; _builder_version=&#8221;4.27.4&#8243; _module_preset=&#8221;default&#8221; background_color=&#8221;#ededed&#8221; disabled=&#8221;on&#8221; global_colors_info=&#8221;{}&#8221;][et_pb_column type=&#8221;1_4&#8243; _builder_version=&#8221;4.16&#8243; _module_preset=&#8221;default&#8221; global_colors_info=&#8221;{}&#8221;][et_pb_icon font_icon=&#8221;&#xf05a;||fa||900&#8243; _builder_version=&#8221;4.16&#8243; _module_preset=&#8221;default&#8221; global_colors_info=&#8221;{}&#8221;][\/et_pb_icon][\/et_pb_column][et_pb_column type=&#8221;3_4&#8243; _builder_version=&#8221;4.16&#8243; _module_preset=&#8221;default&#8221; global_colors_info=&#8221;{}&#8221;][et_pb_text _builder_version=&#8221;4.27.4&#8243; _module_preset=&#8221;default&#8221; text_font=&#8221;|600|||||||&#8221; text_text_color=&#8221;gcid-d063c978-1b70-4c9a-af75-74fbe1da8192&#8243; text_font_size=&#8221;19px&#8221; text_letter_spacing=&#8221;1px&#8221; text_line_height=&#8221;1.8em&#8221; width=&#8221;90.2%&#8221; custom_padding=&#8221;15px||8px|||&#8221; global_colors_info=&#8221;{%22gcid-d063c978-1b70-4c9a-af75-74fbe1da8192%22:%91%22text_text_color%22%93}&#8221;]<\/p>\n<p>Am Laf vun der Produktiounsz\u00e4it w\u00e4erte nach weider Arrangementer an Dekoratiounen online goen <img decoding=\"async\" src=\"https:\/\/shop.deifferdeng.lgs.lu\/wp-content\/themes\/Divi\/includes\/builder\/frontend-builder\/assets\/vendors\/plugins\/emoticons\/img\/smiley-smile.gif\" alt=\"smile\" \/><\/p>\n<p>[\/et_pb_text][\/et_pb_column][\/et_pb_row][et_pb_row disabled_on=&#8221;off|off|off&#8221; _builder_version=&#8221;4.27.4&#8243; _module_preset=&#8221;default&#8221; custom_margin=&#8221;-1px||||false|false&#8221; custom_padding=&#8221;4px||5px||false|false&#8221; global_colors_info=&#8221;{}&#8221;][et_pb_column type=&#8221;4_4&#8243; _builder_version=&#8221;4.16&#8243; _module_preset=&#8221;default&#8221; background_color=&#8221;#ededed&#8221; link_option_url=&#8221;https:\/\/shop.deifferdeng.lgs.lu\/adventskranz\/&#8221; global_colors_info=&#8221;{}&#8221;][et_pb_image src=&#8221;http:\/\/shop.deifferdeng.lgs.lu\/wp-content\/uploads\/sites\/2\/2023\/11\/360_F_365089027_1FkHXqFsYKSOoeScNKTD6Ec0w8vnMVjD.jpg&#8221; title_text=&#8221;360_F_365089027_1FkHXqFsYKSOoeScNKTD6Ec0w8vnMVjD&#8221; align=&#8221;center&#8221; disabled_on=&#8221;off|off|off&#8221; _builder_version=&#8221;4.27.4&#8243; _module_preset=&#8221;default&#8221; background_color=&#8221;#FFFFFF&#8221; hover_enabled=&#8221;0&#8243; global_colors_info=&#8221;{}&#8221; sticky_enabled=&#8221;0&#8243;][\/et_pb_image][et_pb_text disabled_on=&#8221;off|off|off&#8221; _builder_version=&#8221;4.27.4&#8243; _module_preset=&#8221;default&#8221; text_font=&#8221;||||||||&#8221; text_font_size=&#8221;24px&#8221; custom_padding=&#8221;0px||19px|28px|false|false&#8221; hover_enabled=&#8221;0&#8243; global_colors_info=&#8221;{}&#8221; sticky_enabled=&#8221;0&#8243;]<\/p>\n<p>D\u00e9ifferdenger Guiden a Scoute soe Jidderengem <strong>Merci<\/strong>, deen och d\u00ebst Joer er\u00ebm bei eis bestallt huet.<\/p>\n<p>Eis Muermeld\u00e9ier sinn fir d\u00ebss Saison am Wanterschloof an fr\u00eben sech scho drop, wann et n\u00e4chst Joer er\u00ebm Z\u00e4it g\u00ebtt fir eis ADVENTure 2025.<\/p>\n<p>Mir w\u00ebnsche jidderengem sch\u00e9i Feierdeeg an eng bes\u00ebnnlech Chr\u00ebschtz\u00e4it.<\/p>\n<p>&nbsp;<\/p>\n<p>[\/et_pb_text][\/et_pb_column][\/et_pb_row][et_pb_row disabled_on=&#8221;on|on|on&#8221; _builder_version=&#8221;4.27.4&#8243; _module_preset=&#8221;default&#8221; custom_padding=&#8221;3px|||||&#8221; disabled=&#8221;on&#8221; global_colors_info=&#8221;{}&#8221;][et_pb_column type=&#8221;4_4&#8243; _builder_version=&#8221;4.18.0&#8243; _module_preset=&#8221;default&#8221; global_colors_info=&#8221;{}&#8221;][et_pb_text disabled_on=&#8221;off|off|off&#8221; _builder_version=&#8221;4.27.4&#8243; _module_preset=&#8221;default&#8221; text_text_color=&#8221;#FFFFFF&#8221; header_2_font=&#8221;Autour One||||||||&#8221; header_2_text_color=&#8221;#FFFFFF&#8221; background_color=&#8221;gcid-d063c978-1b70-4c9a-af75-74fbe1da8192&#8243; custom_padding=&#8221;12px||0px|||&#8221; global_colors_info=&#8221;{%22gcid-d063c978-1b70-4c9a-af75-74fbe1da8192%22:%91%22background_color%22%93}&#8221;]<\/p>\n<h2 style=\"text-align: center;\"><strong>ADVENTSKR\u00c4NZ<\/strong><\/h2>\n<p>[\/et_pb_text][et_pb_shop type=&#8221;product_category&#8221; posts_number=&#8221;1000&#8243; include_categories=&#8221;255&#8243; orderby=&#8221;menu_order&#8221; disabled_on=&#8221;off|off|off&#8221; _builder_version=&#8221;4.27.4&#8243; _module_preset=&#8221;default&#8221; title_font=&#8221;|700|||||||&#8221; title_text_align=&#8221;center&#8221; title_text_color=&#8221;gcid-d063c978-1b70-4c9a-af75-74fbe1da8192&#8243; title_font_size=&#8221;16px&#8221; price_text_align=&#8221;center&#8221; price_font_size=&#8221;16px&#8221; price_line_height=&#8221;17px&#8221; custom_margin=&#8221;||-40px||false|false&#8221; custom_padding=&#8221;||0px||false|false&#8221; global_colors_info=&#8221;{%22gcid-d063c978-1b70-4c9a-af75-74fbe1da8192%22:%91%22title_text_color%22%93}&#8221;][\/et_pb_shop][et_pb_text disabled_on=&#8221;off|off|off&#8221; _builder_version=&#8221;4.27.4&#8243; _module_preset=&#8221;default&#8221; header_2_font=&#8221;Autour One||||||||&#8221; header_2_text_color=&#8221;#FFFFFF&#8221; background_color=&#8221;gcid-d063c978-1b70-4c9a-af75-74fbe1da8192&#8243; custom_padding=&#8221;12px||0px|||&#8221; global_colors_info=&#8221;{%22gcid-d063c978-1b70-4c9a-af75-74fbe1da8192%22:%91%22background_color%22%93}&#8221;]<\/p>\n<h2 style=\"text-align: center;\"><strong>KR\u00c4NZ FIR OPZEH\u00c4NKEN<\/strong><\/h2>\n<p>[\/et_pb_text][et_pb_shop type=&#8221;product_category&#8221; posts_number=&#8221;1000&#8243; include_categories=&#8221;67&#8243; orderby=&#8221;menu_order&#8221; disabled_on=&#8221;off|off|off&#8221; _builder_version=&#8221;4.27.4&#8243; _module_preset=&#8221;default&#8221; title_font=&#8221;|700|||||||&#8221; title_text_align=&#8221;center&#8221; title_text_color=&#8221;gcid-d063c978-1b70-4c9a-af75-74fbe1da8192&#8243; price_text_align=&#8221;center&#8221; price_font_size=&#8221;16px&#8221; custom_margin=&#8221;||-40px||false|false&#8221; global_colors_info=&#8221;{%22gcid-d063c978-1b70-4c9a-af75-74fbe1da8192%22:%91%22title_text_color%22%93}&#8221;][\/et_pb_shop][et_pb_text disabled_on=&#8221;off|off|off&#8221; _builder_version=&#8221;4.27.4&#8243; _module_preset=&#8221;default&#8221; header_2_font=&#8221;Autour One||||||||&#8221; header_2_text_color=&#8221;#FFFFFF&#8221; background_color=&#8221;gcid-d063c978-1b70-4c9a-af75-74fbe1da8192&#8243; module_alignment=&#8221;center&#8221; custom_padding=&#8221;0px||0px||false|false&#8221; global_colors_info=&#8221;{%22gcid-d063c978-1b70-4c9a-af75-74fbe1da8192%22:%91%22background_color%22%93}&#8221;]<\/p>\n<h2 style=\"text-align: center;\"><strong><br \/>ARRANGEMENT &amp; DEKORATIOUN<\/strong><\/h2>\n<p>[\/et_pb_text][et_pb_shop type=&#8221;product_category&#8221; posts_number=&#8221;1000&#8243; include_categories=&#8221;224,230&#8243; show_rating=&#8221;off&#8221; show_sale_badge=&#8221;off&#8221; disabled_on=&#8221;off|off|off&#8221; _builder_version=&#8221;4.27.4&#8243; _module_preset=&#8221;default&#8221; title_font=&#8221;|700|||||||&#8221; title_text_align=&#8221;center&#8221; title_text_color=&#8221;gcid-d063c978-1b70-4c9a-af75-74fbe1da8192&#8243; price_text_align=&#8221;center&#8221; price_font_size=&#8221;16px&#8221; global_colors_info=&#8221;{%22gcid-d063c978-1b70-4c9a-af75-74fbe1da8192%22:%91%22title_text_color%22%93}&#8221;][\/et_pb_shop][\/et_pb_column][\/et_pb_row][\/et_pb_section]<\/p>\n","protected":false},"excerpt":{"rendered":"<p>Adventsshop 2025L\u00ebtzebuerger Guiden a Scouten D\u00e9ifferdeng &#8211; Ste BarbeOch d\u00ebst Joer hunn mir elektresch K\u00e4erzen (LED) fir Leit d\u00e9i net g\u00e4r oppe Flam hunn oder fir Altersheemer, Schoulen, &#8230; Wann der scho LED-K\u00e4erzen vum leschte Joer hutt, da bestellt der Iech e Kranz an wielt d&#8217;Optioun &#8220;ouni K\u00e4erzen&#8221;. Wann Dir Probleemer mam Bestellen hutt, dann [&hellip;]<\/p>\n","protected":false},"author":9,"featured_media":0,"parent":0,"menu_order":0,"comment_status":"closed","ping_status":"closed","template":"","meta":{"_et_pb_use_builder":"on","_et_pb_old_content":"","_et_gb_content_width":"","footnotes":""},"class_list":["post-3990","page","type-page","status-publish","hentry"],"_links":{"self":[{"href":"https:\/\/shop.deifferdeng.lgs.lu\/home\/wp-json\/wp\/v2\/pages\/3990","targetHints":{"allow":["GET"]}}],"collection":[{"href":"https:\/\/shop.deifferdeng.lgs.lu\/home\/wp-json\/wp\/v2\/pages"}],"about":[{"href":"https:\/\/shop.deifferdeng.lgs.lu\/home\/wp-json\/wp\/v2\/types\/page"}],"author":[{"embeddable":true,"href":"https:\/\/shop.deifferdeng.lgs.lu\/home\/wp-json\/wp\/v2\/users\/9"}],"replies":[{"embeddable":true,"href":"https:\/\/shop.deifferdeng.lgs.lu\/home\/wp-json\/wp\/v2\/comments?post=3990"}],"version-history":[{"count":101,"href":"https:\/\/shop.deifferdeng.lgs.lu\/home\/wp-json\/wp\/v2\/pages\/3990\/revisions"}],"predecessor-version":[{"id":8745,"href":"https:\/\/shop.deifferdeng.lgs.lu\/home\/wp-json\/wp\/v2\/pages\/3990\/revisions\/8745"}],"wp:attachment":[{"href":"https:\/\/shop.deifferdeng.lgs.lu\/home\/wp-json\/wp\/v2\/media?parent=3990"}],"curies":[{"name":"wp","href":"https:\/\/api.w.org\/{rel}","templated":true}]}}