{"id":60,"date":"2020-09-21T18:06:14","date_gmt":"2020-09-21T18:06:14","guid":{"rendered":"https:\/\/shop.kaerjeng.lgs.lu\/?page_id=60"},"modified":"2025-12-03T15:29:16","modified_gmt":"2025-12-03T14:29:16","slug":"home","status":"publish","type":"page","link":"https:\/\/shop.deifferdeng.lgs.lu\/home\/","title":{"rendered":"Home"},"content":{"rendered":"<p>[et_pb_section fb_built=&#8221;1&#8243; fullwidth=&#8221;on&#8221; disabled_on=&#8221;off|off|off&#8221; _builder_version=&#8221;4.27.4&#8243; _module_preset=&#8221;default&#8221; global_colors_info=&#8221;{}&#8221;][et_pb_fullwidth_slider use_bg_overlay=&#8221;on&#8221; _builder_version=&#8221;4.27.4&#8243; _module_preset=&#8221;default&#8221; min_height=&#8221;595.8px&#8221; height=&#8221;569px&#8221; hover_enabled=&#8221;0&#8243; border_radii=&#8221;on|20px|20px|20px|20px&#8221; border_style_all=&#8221;groove&#8221; global_colors_info=&#8221;{}&#8221; sticky_enabled=&#8221;0&#8243;][et_pb_slide heading=&#8221;Adventskr\u00e4nz &#038; Adventsdekoratiounen&#8221; button_text=&#8221;SHOP&#8221; button_link=&#8221;https:\/\/shop.deifferdeng.lgs.lu\/shop\/&#8221; use_bg_overlay=&#8221;on&#8221; bg_overlay_color=&#8221;RGBA(255,255,255,0)&#8221; arrows_custom_color=&#8221;#FFFFFF&#8221; heading_tablet=&#8221;Adventskr\u00e4nz &#038; Adventsdekoratiounen&#8221; heading_phone=&#8221;Adventskr\u00e4nz &#038; Dekoratioune&#8221; heading_last_edited=&#8221;on|phone&#8221; _builder_version=&#8221;4.27.4&#8243; _module_preset=&#8221;default&#8221; header_level=&#8221;h2&#8243; header_font=&#8221;Autour One|700|||||||&#8221; header_font_size=&#8221;50px&#8221; body_font=&#8221;|600|||||||&#8221; body_text_align=&#8221;center&#8221; body_font_size=&#8221;24px&#8221; background_enable_color=&#8221;off&#8221; background_image=&#8221;http:\/\/shop.deifferdeng.lgs.lu\/wp-content\/uploads\/sites\/2\/2025\/10\/LK-62-scaled.jpg&#8221; background_enable_image=&#8221;on&#8221; background_blend=&#8221;soft-light&#8221; custom_button=&#8221;on&#8221; button_text_size=&#8221;22px&#8221; button_border_width=&#8221;1px&#8221; button_border_radius=&#8221;100px&#8221; button_font=&#8221;Autour One||||||||&#8221; button_use_icon=&#8221;on&#8221; button_icon=&#8221;&#xf291;||fa||900&#8243; text_orientation=&#8221;center&#8221; hover_enabled=&#8221;0&#8243; header_font_size_tablet=&#8221;50px&#8221; header_font_size_phone=&#8221;33px&#8221; header_font_size_last_edited=&#8221;on|phone&#8221; header_text_shadow_style=&#8221;preset1&#8243; global_colors_info=&#8221;{}&#8221; sticky_transition=&#8221;on&#8221; sticky_enabled=&#8221;0&#8243;]<\/p>\n<p>mat vill <span>\u2661 selwer gemaach<\/span><\/p>\n<p>[\/et_pb_slide][et_pb_slide heading=&#8221;Adventsmaart Lasauvage&#8221; _builder_version=&#8221;4.27.4&#8243; _module_preset=&#8221;default&#8221; header_font=&#8221;Autour One|700|||||||&#8221; header_text_align=&#8221;center&#8221; header_font_size=&#8221;50px&#8221; body_font=&#8221;|600|||||||&#8221; body_text_align=&#8221;center&#8221; body_font_size=&#8221;24px&#8221; background_image=&#8221;http:\/\/shop.deifferdeng.lgs.lu\/wp-content\/uploads\/sites\/2\/2022\/10\/PHOTO-2021-11-26-16-50-44.jpg&#8221; background_enable_image=&#8221;on&#8221; custom_padding=&#8221;0px||||false|false&#8221; hover_enabled=&#8221;0&#8243; header_font_size_tablet=&#8221;50px&#8221; header_font_size_phone=&#8221;31px&#8221; header_font_size_last_edited=&#8221;on|phone&#8221; header_text_shadow_style=&#8221;preset1&#8243; global_colors_info=&#8221;{}&#8221; sticky_transition=&#8221;on&#8221; sticky_enabled=&#8221;0&#8243;][\/et_pb_slide][\/et_pb_fullwidth_slider][\/et_pb_section][et_pb_section fb_built=&#8221;1&#8243; disabled_on=&#8221;on|on|on&#8221; admin_label=&#8221;About&#8221; _builder_version=&#8221;4.27.4&#8243; use_background_color_gradient=&#8221;on&#8221; background_color_gradient_stops=&#8221;#ffffff 86%|#f4f4f4 100%&#8221; background_color_gradient_start=&#8221;#ffffff&#8221; background_color_gradient_start_position=&#8221;86%&#8221; background_color_gradient_end=&#8221;#f4f4f4&#8243; min_height=&#8221;298px&#8221; custom_margin=&#8221;-3px||1px||false|false&#8221; custom_padding=&#8221;35px||0vw||false|false&#8221; bottom_divider_style=&#8221;waves&#8221; bottom_divider_color=&#8221;#ffffff&#8221; bottom_divider_height=&#8221;10vw&#8221; disabled=&#8221;on&#8221; locked=&#8221;off&#8221; global_colors_info=&#8221;{}&#8221;][et_pb_row column_structure=&#8221;1_2,1_2&#8243; disabled_on=&#8221;off|off|off&#8221; _builder_version=&#8221;4.18.1&#8243; _module_preset=&#8221;default&#8221; custom_margin=&#8221;-21px|auto|41px|auto||&#8221; custom_padding=&#8221;8px|||||&#8221; global_colors_info=&#8221;{}&#8221;][et_pb_column type=&#8221;1_2&#8243; _builder_version=&#8221;4.16&#8243; _module_preset=&#8221;default&#8221; global_colors_info=&#8221;{}&#8221;][et_pb_blurb title=&#8221;Adventsmaart Lasauvage&#8221; image=&#8221;http:\/\/shop.deifferdeng.lgs.lu\/wp-content\/uploads\/sites\/2\/2022\/10\/PHOTO-2021-11-26-16-50-44.jpg&#8221; icon_alignment=&#8221;left&#8221; _builder_version=&#8221;4.22.1&#8243; _module_preset=&#8221;default&#8221; header_font=&#8221;|700||on|||||&#8221; header_text_color=&#8221;gcid-d063c978-1b70-4c9a-af75-74fbe1da8192&#8243; body_font_size=&#8221;17px&#8221; text_orientation=&#8221;center&#8221; module_alignment=&#8221;center&#8221; custom_padding=&#8221;0px|||||&#8221; link_option_url_new_window=&#8221;on&#8221; global_colors_info=&#8221;{%22gcid-d063c978-1b70-4c9a-af75-74fbe1da8192%22:%91%22header_text_color%22%93}&#8221;]<\/p>\n<p>Vum 22. bis den 24. November sinn mir er\u00ebm mat engem Stand um Lasauvager Adventsmaart. Hei verkaafe mir d\u00ebst Joer Dekoratiounen, Arrangementer an Adventskr\u00e4nz. Fir de genauen Programm <a href=\"https:\/\/acrobat.adobe.com\/id\/urn:aaid:sc:EU:d2d2691a-02d0-441b-8a4b-a600b5899317\">klickt hei<\/a>.<\/p>\n<p>[\/et_pb_blurb][\/et_pb_column][et_pb_column type=&#8221;1_2&#8243; _builder_version=&#8221;4.16&#8243; _module_preset=&#8221;default&#8221; global_colors_info=&#8221;{}&#8221;][et_pb_blurb title=&#8221;Amnesty-International-K\u00e4erzen&#8221; image=&#8221;http:\/\/shop.deifferdeng.lgs.lu\/wp-content\/uploads\/sites\/2\/2021\/11\/2560px-Amnesty_logo_2008.svg_-e1667220691981.png&#8221; alt=&#8221;amnesty&#8221; image_icon_width=&#8221;136%&#8221; _builder_version=&#8221;4.18.1&#8243; _module_preset=&#8221;default&#8221; header_font=&#8221;|700||on|||||&#8221; header_text_align=&#8221;center&#8221; header_text_color=&#8221;gcid-d063c978-1b70-4c9a-af75-74fbe1da8192&#8243; body_font_size=&#8221;17px&#8221; text_orientation=&#8221;center&#8221; module_alignment=&#8221;center&#8221; link_option_url=&#8221;https:\/\/www.amnesty.lu\/product-category\/bougies\/&#8221; link_option_url_new_window=&#8221;on&#8221; image_max_width=&#8221;56%&#8221; global_colors_info=&#8221;{%22gcid-d063c978-1b70-4c9a-af75-74fbe1da8192%22:%91%22header_text_color%22%93}&#8221;]<\/p>\n<p>Amnesty International Luxembourg verkeeft hier K\u00e4erzen elo och iwwer Internet. Bestellt also direkt bei hinnen: <strong><a href=\"https:\/\/www.amnesty.lu\/product-category\/bougies\/\" target=\"_blank\" rel=\"noopener\">Klick<\/a><\/strong><\/p>\n<p>[\/et_pb_blurb][\/et_pb_column][\/et_pb_row][\/et_pb_section][et_pb_section fb_built=&#8221;1&#8243; disabled_on=&#8221;on|on|on&#8221; admin_label=&#8221;About&#8221; _builder_version=&#8221;4.27.4&#8243; use_background_color_gradient=&#8221;on&#8221; background_color_gradient_stops=&#8221;#ffffff 86%|#f4f4f4 100%&#8221; background_color_gradient_start=&#8221;#ffffff&#8221; background_color_gradient_start_position=&#8221;86%&#8221; background_color_gradient_end=&#8221;#f4f4f4&#8243; min_height=&#8221;298px&#8221; custom_margin=&#8221;-3px||1px||false|false&#8221; custom_padding=&#8221;35px||0vw||false|false&#8221; bottom_divider_style=&#8221;waves&#8221; bottom_divider_color=&#8221;#ffffff&#8221; bottom_divider_height=&#8221;10vw&#8221; disabled=&#8221;on&#8221; locked=&#8221;off&#8221; global_colors_info=&#8221;{}&#8221;][et_pb_row _builder_version=&#8221;4.27.4&#8243; _module_preset=&#8221;default&#8221; global_colors_info=&#8221;{}&#8221;][et_pb_column type=&#8221;4_4&#8243; _builder_version=&#8221;4.27.4&#8243; _module_preset=&#8221;default&#8221; global_colors_info=&#8221;{}&#8221;][et_pb_shop type=&#8221;product_category&#8221; include_categories=&#8221;1185&#8243; _builder_version=&#8221;4.27.4&#8243; _module_preset=&#8221;default&#8221; global_colors_info=&#8221;{}&#8221;][\/et_pb_shop][\/et_pb_column][\/et_pb_row][\/et_pb_section]<\/p>\n","protected":false},"excerpt":{"rendered":"<p>mat vill \u2661 selwer gemaachVum 22. bis den 24. November sinn mir er\u00ebm mat engem Stand um Lasauvager Adventsmaart. Hei verkaafe mir d\u00ebst Joer Dekoratiounen, Arrangementer an Adventskr\u00e4nz. Fir de genauen Programm klickt hei.Amnesty International Luxembourg verkeeft hier K\u00e4erzen elo och iwwer Internet. Bestellt also direkt bei hinnen: Klick<\/p>\n","protected":false},"author":9,"featured_media":0,"parent":0,"menu_order":0,"comment_status":"closed","ping_status":"closed","template":"","meta":{"_et_pb_use_builder":"on","_et_pb_old_content":"","_et_gb_content_width":"1080","footnotes":""},"class_list":["post-60","page","type-page","status-publish","hentry"],"_links":{"self":[{"href":"https:\/\/shop.deifferdeng.lgs.lu\/home\/wp-json\/wp\/v2\/pages\/60","targetHints":{"allow":["GET"]}}],"collection":[{"href":"https:\/\/shop.deifferdeng.lgs.lu\/home\/wp-json\/wp\/v2\/pages"}],"about":[{"href":"https:\/\/shop.deifferdeng.lgs.lu\/home\/wp-json\/wp\/v2\/types\/page"}],"author":[{"embeddable":true,"href":"https:\/\/shop.deifferdeng.lgs.lu\/home\/wp-json\/wp\/v2\/users\/9"}],"replies":[{"embeddable":true,"href":"https:\/\/shop.deifferdeng.lgs.lu\/home\/wp-json\/wp\/v2\/comments?post=60"}],"version-history":[{"count":47,"href":"https:\/\/shop.deifferdeng.lgs.lu\/home\/wp-json\/wp\/v2\/pages\/60\/revisions"}],"predecessor-version":[{"id":8750,"href":"https:\/\/shop.deifferdeng.lgs.lu\/home\/wp-json\/wp\/v2\/pages\/60\/revisions\/8750"}],"wp:attachment":[{"href":"https:\/\/shop.deifferdeng.lgs.lu\/home\/wp-json\/wp\/v2\/media?parent=60"}],"curies":[{"name":"wp","href":"https:\/\/api.w.org\/{rel}","templated":true}]}}